{"id":929,"date":"2021-04-11T18:04:08","date_gmt":"2021-04-11T18:04:08","guid":{"rendered":"https:\/\/segito-tars.hu\/?page_id=929"},"modified":"2026-03-05T22:24:48","modified_gmt":"2026-03-05T22:24:48","slug":"aktualis","status":"publish","type":"page","link":"https:\/\/segito-tars.hu\/en\/aktualis\/","title":{"rendered":"Current"},"content":{"rendered":"<p>[et_pb_section fb_built=&#8221;1&#8243; fullwidth=&#8221;on&#8221; _builder_version=&#8221;4.27.5&#8243; background_image=&#8221;https:\/\/segito-tars.hu\/wp-content\/uploads\/2026\/01\/e178ffbe-860a-43a1-99a7-6f6f97e7333c-scaled.jpg&#8221; background_size=&#8221;initial&#8221; background_position=&#8221;top_center&#8221; background_vertical_offset=&#8221;-52%&#8221; width_tablet=&#8221;&#8221; width_phone=&#8221;&#8221; width_last_edited=&#8221;on|phone&#8221; max_width_tablet=&#8221;&#8221; max_width_phone=&#8221;100%&#8221; max_width_last_edited=&#8221;on|phone&#8221; min_height=&#8221;1171px&#8221; min_height_tablet=&#8221;&#8221; min_height_phone=&#8221;&#8221; min_height_last_edited=&#8221;on|phone&#8221; height_tablet=&#8221;&#8221; height_phone=&#8221;&#8221; height_last_edited=&#8221;on|phone&#8221; max_height_tablet=&#8221;&#8221; max_height_phone=&#8221;1000px&#8221; max_height_last_edited=&#8221;on|phone&#8221; custom_margin=&#8221;||-17px|||&#8221; custom_padding=&#8221;||1043px|||&#8221; bottom_divider_style=&#8221;wave2&#8243; bottom_divider_color=&#8221;#b372c1&#8243; bottom_divider_height=&#8221;63px&#8221; bottom_divider_flip=&#8221;horizontal&#8221; animation_style=&#8221;fade&#8221; animation_direction=&#8221;top&#8221; background_last_edited=&#8221;on|desktop&#8221; background_enable_image_tablet=&#8221;off&#8221; background_enable_image_phone=&#8221;off&#8221; module_alignment_tablet=&#8221;&#8221; module_alignment_phone=&#8221;&#8221; module_alignment_last_edited=&#8221;on|phone&#8221; global_colors_info=&#8221;{}&#8221;][et_pb_fullwidth_header title=&#8221;Aktu\u00e1lis&#8221; subhead=&#8221;Vesztes\u00e9gfeldolgoz\u00e1s csoport indul Sz\u00e9kesfeh\u00e9rv\u00e1ron 2026. m\u00e1rcius 26-\u00e1n&#8221; button_one_text=&#8221;Regisztr\u00e1ci\u00f3&#8221; button_one_url=&#8221;mayormarta@segito-tars.hu&#8221; _builder_version=&#8221;4.27.6&#8243; _module_preset=&#8221;default&#8221; title_text_align=&#8221;center&#8221; subhead_font_size=&#8221;26px&#8221; custom_margin=&#8221;||5px|||&#8221; custom_padding=&#8221;||0px|||&#8221; hover_enabled=&#8221;0&#8243; global_colors_info=&#8221;{}&#8221; sticky_enabled=&#8221;0&#8243;]<\/p>\n<div class=\"xdj266r x14z9mp xat24cr x1lziwak x1vvkbs x126k92a\">\n<div dir=\"auto\"><\/div>\n<div dir=\"auto\"><\/div>\n<div dir=\"auto\">Van, amit m\u00e1r t\u00fal r\u00e9g\u00f3ta hordozol m\u00e9lt\u00f3s\u00e1ggal \u2014 att\u00f3l m\u00e9g f\u00e1jhat.<\/div>\n<div dir=\"auto\"><\/div>\n<div dir=\"auto\">Vannak vesztes\u00e9gek, amelyeket k\u00edv\u00fclr\u0151l tal\u00e1n m\u00e1r \u201er\u00e9gen t\u00fal kellett volna \u00e9lni\u201d, bel\u00fcl m\u00e9gis ugyan\u00fagy vel\u00fcnk maradnak. Sokszor azt tanultuk, hogy a f\u00e1jdalmat csendben kell viselni, hogy az id\u0151 majd mindent megold. De a feldolgozatlan gy\u00e1sz nem t\u0171nik el att\u00f3l, hogy nem besz\u00e9l\u00fcnk r\u00f3la.<\/div>\n<div dir=\"auto\"><\/div>\n<\/div>\n<div class=\"x14z9mp xat24cr x1lziwak x1vvkbs xtlvy1s x126k92a\">\n<div dir=\"auto\">A gy\u00e1sz a vesztes\u00e9gre adott term\u00e9szetes \u00e9s norm\u00e1lis emberi reakci\u00f3. Mindazoknak a sokszor egym\u00e1snak ellentmond\u00f3 \u00e9rz\u00e9seknek az \u00f6sszess\u00e9ge, amelyeket egy vesztes\u00e9g, egy nagy v\u00e1ltoz\u00e1s vagy az \u00e9let addig megszokott rendj\u00e9nek felborul\u00e1sa id\u00e9z el\u0151.<\/div>\n<div dir=\"auto\"><\/div>\n<\/div>\n<div class=\"x14z9mp xat24cr x1lziwak x1vvkbs xtlvy1s x126k92a\">\n<div dir=\"auto\">A feldolgozatlan gy\u00e1sz sokszor olyan, mint egy elhanyagolt kert. Tudjuk, hogy ideje lenne foglalkozni vele, m\u00e9gis ink\u00e1bb elfordulunk t\u0151le. Rem\u00e9lj\u00fck, hogy majd mag\u00e1t\u00f3l rendez\u0151dik. K\u00f6zben azonban egyre nehezebb\u00e9, s\u0171r\u0171bb\u00e9, f\u00e9lelmetesebb\u00e9 v\u00e1lik. A gy\u00e1szfeldolgoz\u00e1s sor\u00e1n nemcsak besz\u00e9l\u00fcnk r\u00f3la, hanem megkapod azokat az eszk\u00f6z\u00f6ket is, amelyek seg\u00edtenek l\u00e9p\u00e9sr\u0151l l\u00e9p\u00e9sre rendet tenni abban, ami benned m\u00e9g f\u00e1j.<\/div>\n<\/div>\n<div class=\"x14z9mp xat24cr x1lziwak x1vvkbs xtlvy1s x126k92a\">\n<div dir=\"auto\">A feldolgozatlan gy\u00e1sz m\u00f6g\u00f6tt gyakran ott vannak a ki nem mondott \u00e9rz\u00e9sek, a lez\u00e1ratlan kapcsol\u00f3d\u00e1sok, a \u201eb\u00e1rcsak m\u00e1shogy tettem volna\u201d, a \u201et\u00f6bbet kellett volna mondanom\u201d f\u00e1jdalma. Ezek a terhek nemcsak lelkileg, hanem testileg is hossz\u00fa ideig megviselhetnek benn\u00fcnket.<\/div>\n<div dir=\"auto\"><\/div>\n<\/div>\n<div class=\"x14z9mp xat24cr x1lziwak x1vvkbs xtlvy1s x126k92a\">\n<div dir=\"auto\">Ez\u00e9rt ind\u00edtok vesztes\u00e9gfeldolgoz\u00f3 csoportot Sz\u00e9kesfeh\u00e9rv\u00e1ron.<\/div>\n<div dir=\"auto\"><\/div>\n<div dir=\"auto\">Egy olyan biztons\u00e1gos, megtart\u00f3 teret szeretn\u00e9k adni, ahol nem kell er\u0151snek l\u00e1tszani, nem kell sietni, \u00e9s ahol val\u00f3di seg\u00edts\u00e9get kaphatsz ahhoz, hogy feldolgozd azt, ami benned m\u00e9g f\u00e1j.<\/div>\n<div dir=\"auto\"><\/div>\n<\/div>\n<div class=\"x14z9mp xat24cr x1lziwak x1vvkbs xtlvy1s x126k92a\">\n<div dir=\"auto\">A vesztes\u00e9gek feldolgoz\u00e1sa ut\u00e1n gyakran megjelenik:<\/div>\n<div dir=\"auto\">\u2013 megb\u00e9k\u00e9l\u00e9s \u00e9s elfogad\u00e1s<\/div>\n<div dir=\"auto\">\u2013 nyitotts\u00e1g \u00faj kapcsolatokra<\/div>\n<div dir=\"auto\">\u2013 az \u00e9letkedv \u00e9s az energia visszaszerz\u00e9se<\/div>\n<\/div>\n<div class=\"x14z9mp xat24cr x1lziwak x1vvkbs xtlvy1s x126k92a\">\n<div dir=\"auto\"><span class=\"html-span xexx8yu xyri2b x18d9i69 x1c1uobl x1hl2dhg x16tdsg8 x1vvkbs x3nfvp2 x1j61x8r x1fcty0u xdj266r xat24cr xm2jcoa x1mpyi22 xxymvpz xlup9mm x1kky2od\"><img loading=\"lazy\" decoding=\"async\" height=\"16\" width=\"16\" class=\"xz74otr x15mokao x1ga7v0g x16uus16 xbiv7yw\" alt=\"\ud83d\udccd\" referrerpolicy=\"origin-when-cross-origin\" src=\"https:\/\/static.xx.fbcdn.net\/images\/emoji.php\/v9\/t2d\/1\/16\/1f4cd.png\" \/><\/span> Sz\u00e9kesfeh\u00e9rv\u00e1r<\/div>\n<div dir=\"auto\"><span class=\"html-span xexx8yu xyri2b x18d9i69 x1c1uobl x1hl2dhg x16tdsg8 x1vvkbs x3nfvp2 x1j61x8r x1fcty0u xdj266r xat24cr xm2jcoa x1mpyi22 xxymvpz xlup9mm x1kky2od\"><img loading=\"lazy\" decoding=\"async\" height=\"16\" width=\"16\" class=\"xz74otr x15mokao x1ga7v0g x16uus16 xbiv7yw\" alt=\"\ud83d\udcc5\" referrerpolicy=\"origin-when-cross-origin\" src=\"https:\/\/static.xx.fbcdn.net\/images\/emoji.php\/v9\/t7e\/1\/16\/1f4c5.png\" \/><\/span> Kezd\u00e9s: 2026. m\u00e1rcius 26.<\/div>\n<div dir=\"auto\"><span class=\"html-span xexx8yu xyri2b x18d9i69 x1c1uobl x1hl2dhg x16tdsg8 x1vvkbs x3nfvp2 x1j61x8r x1fcty0u xdj266r xat24cr xm2jcoa x1mpyi22 xxymvpz xlup9mm x1kky2od\"><img loading=\"lazy\" decoding=\"async\" height=\"16\" width=\"16\" class=\"xz74otr x15mokao x1ga7v0g x16uus16 xbiv7yw\" alt=\"\ud83d\udd55\" referrerpolicy=\"origin-when-cross-origin\" src=\"https:\/\/static.xx.fbcdn.net\/images\/emoji.php\/v9\/t2d\/1\/16\/1f555.png\" \/><\/span> Cs\u00fct\u00f6rt\u00f6k\u00f6nk\u00e9nt 18:00<\/div>\n<div dir=\"auto\"><span class=\"html-span xexx8yu xyri2b x18d9i69 x1c1uobl x1hl2dhg x16tdsg8 x1vvkbs x3nfvp2 x1j61x8r x1fcty0u xdj266r xat24cr xm2jcoa x1mpyi22 xxymvpz xlup9mm x1kky2od\"><img loading=\"lazy\" decoding=\"async\" height=\"16\" width=\"16\" class=\"xz74otr x15mokao x1ga7v0g x16uus16 xbiv7yw\" alt=\"\ud83d\udd39\" referrerpolicy=\"origin-when-cross-origin\" src=\"https:\/\/static.xx.fbcdn.net\/images\/emoji.php\/v9\/tf3\/1\/16\/1f539.png\" \/><\/span> 8 alkalom<\/div>\n<div dir=\"auto\"><\/div>\n<\/div>\n<div class=\"x14z9mp xat24cr x1lziwak x1vvkbs xtlvy1s x126k92a\">\n<div dir=\"auto\">Ha \u00fagy \u00e9rzed, elj\u00f6tt az id\u0151, hogy ne csak cipeld a vesztes\u00e9geidet, hanem szeretn\u00e9d val\u00f3ban feldolgozni is \u0151ket, szeretettel v\u00e1rlak.<\/div>\n<\/div>\n<div class=\"x14z9mp xat24cr x1lziwak x1vvkbs xtlvy1s x126k92a\">\n<div dir=\"auto\">Jelentkez\u00e9s \u00e9s tov\u00e1bbi inform\u00e1ci\u00f3:<\/div>\n<\/div>\n<p>\ud83d\udd17<span style=\"font-size: large;\"><strong> Regisztr\u00e1ci\u00f3: <a href=\"mailto:mayormarta@segito-tars.hu\">mayormarta@segito-tars.hu<\/a><\/strong><\/span><\/p>\n<p><span style=\"font-size: large;\"><strong><\/strong><\/span><\/p>\n<p>[\/et_pb_fullwidth_header][\/et_pb_section]<\/p>\n","protected":false},"excerpt":{"rendered":"<p>Van, amit m\u00e1r t\u00fal r\u00e9g\u00f3ta hordozol m\u00e9lt\u00f3s\u00e1ggal \u2014 att\u00f3l m\u00e9g f\u00e1jhat. Vannak vesztes\u00e9gek, amelyeket k\u00edv\u00fclr\u0151l tal\u00e1n m\u00e1r \u201er\u00e9gen t\u00fal kellett volna \u00e9lni\u201d, bel\u00fcl m\u00e9gis ugyan\u00fagy vel\u00fcnk maradnak. Sokszor azt tanultuk, hogy a f\u00e1jdalmat csendben kell viselni, hogy az id\u0151 majd mindent megold. De a feldolgozatlan gy\u00e1sz nem t\u0171nik el att\u00f3l, hogy nem besz\u00e9l\u00fcnk r\u00f3la. A [&hellip;]<\/p>\n","protected":false},"author":1,"featured_media":0,"parent":0,"menu_order":0,"comment_status":"closed","ping_status":"closed","template":"","meta":{"_et_pb_use_builder":"on","_et_pb_old_content":"","_et_gb_content_width":"","footnotes":""},"class_list":["post-929","page","type-page","status-publish","hentry"],"_links":{"self":[{"href":"https:\/\/segito-tars.hu\/en\/wp-json\/wp\/v2\/pages\/929","targetHints":{"allow":["GET"]}}],"collection":[{"href":"https:\/\/segito-tars.hu\/en\/wp-json\/wp\/v2\/pages"}],"about":[{"href":"https:\/\/segito-tars.hu\/en\/wp-json\/wp\/v2\/types\/page"}],"author":[{"embeddable":true,"href":"https:\/\/segito-tars.hu\/en\/wp-json\/wp\/v2\/users\/1"}],"replies":[{"embeddable":true,"href":"https:\/\/segito-tars.hu\/en\/wp-json\/wp\/v2\/comments?post=929"}],"version-history":[{"count":41,"href":"https:\/\/segito-tars.hu\/en\/wp-json\/wp\/v2\/pages\/929\/revisions"}],"predecessor-version":[{"id":1743,"href":"https:\/\/segito-tars.hu\/en\/wp-json\/wp\/v2\/pages\/929\/revisions\/1743"}],"wp:attachment":[{"href":"https:\/\/segito-tars.hu\/en\/wp-json\/wp\/v2\/media?parent=929"}],"curies":[{"name":"wp","href":"https:\/\/api.w.org\/{rel}","templated":true}]}}