{"id":613,"date":"2021-03-30T19:51:12","date_gmt":"2021-03-30T19:51:12","guid":{"rendered":"https:\/\/segito-tars.hu\/?page_id=613"},"modified":"2026-02-11T19:29:26","modified_gmt":"2026-02-11T19:29:26","slug":"magamrol","status":"publish","type":"page","link":"https:\/\/segito-tars.hu\/en\/magamrol\/","title":{"rendered":"About Me"},"content":{"rendered":"<p>[et_pb_section fb_built=&#8221;1&#8243; next_background_color=&#8221;#f5f5f5&#8243; admin_label=&#8221;Quote&#8221; _builder_version=&#8221;4.16&#8243; background_color=&#8221;#22a398&#8243; min_height=&#8221;276.4px&#8221; custom_padding=&#8221;||49px||false|&#8221; bottom_divider_style=&#8221;ramp2&#8243; bottom_divider_flip=&#8221;horizontal&#8221; global_colors_info=&#8221;{}&#8221;][et_pb_row _builder_version=&#8221;4.16&#8243; global_colors_info=&#8221;{}&#8221;][et_pb_column type=&#8221;4_4&#8243; _builder_version=&#8221;4.16&#8243; custom_padding=&#8221;|||&#8221; global_colors_info=&#8221;{}&#8221; custom_padding__hover=&#8221;|||&#8221;][et_pb_text admin_label=&#8221;r\u00f3lam&#8221; _builder_version=&#8221;4.27.4&#8243; text_font=&#8221;Caveat|700|||||||&#8221; text_text_color=&#8221;#ffffff&#8221; text_font_size=&#8221;62px&#8221; text_line_height=&#8221;1.5em&#8221; header_font=&#8221;||||||||&#8221; text_orientation=&#8221;center&#8221; max_width=&#8221;800px&#8221; module_alignment=&#8221;center&#8221; text_font_size_tablet=&#8221;36px&#8221; text_font_size_phone=&#8221;26px&#8221; text_font_size_last_edited=&#8221;on|phone&#8221; global_colors_info=&#8221;{}&#8221;]<\/p>\n<p>R\u00f3lam &#8211; hogyan lettem gy\u00e1szfeldolgoz\u00e1s m\u00f3dszer specialista?<\/p>\n<p>[\/et_pb_text][\/et_pb_column][\/et_pb_row][et_pb_row _builder_version=&#8221;4.27.4&#8243; _module_preset=&#8221;default&#8221; global_colors_info=&#8221;{}&#8221;][et_pb_column type=&#8221;4_4&#8243; _builder_version=&#8221;4.27.4&#8243; _module_preset=&#8221;default&#8221; global_colors_info=&#8221;{}&#8221;][et_pb_text _builder_version=&#8221;4.27.5&#8243; _module_preset=&#8221;default&#8221; hover_enabled=&#8221;0&#8243; global_colors_info=&#8221;{}&#8221; sticky_enabled=&#8221;0&#8243;]<\/p>\n<p style=\"text-align: center;\"><span style=\"color: #ffffff;\">A vesztes\u00e9gek \u00e9s az abb\u00f3l fakad\u00f3 stressz \u00e9let\u00fcnk megker\u00fclhetetlen r\u00e9szei, amelyek gyakran felbor\u00edtj\u00e1k testi-lelki egyens\u00falyunkat. Saj\u00e1t tapasztalataim sor\u00e1n megtanultam, milyen neh\u00e9z egyed\u00fcl megbirk\u00f3zni a csal\u00f3d\u00e1sokkal \u00e9s vesztes\u00e9gekkel, \u00e9s milyen nagy sz\u00fcks\u00e9g van az empatikus, val\u00f3di t\u00e1mogat\u00e1sra.<\/span><br \/><span style=\"color: #ffffff;\">Ez vez\u00e9relt a Gy\u00e1szfeldolgoz\u00e1s M\u00f3dszer\u00ae \u00e9s a Napfogyatkoz\u00e1s Egyes\u00fclet gy\u00e1szk\u00e9pz\u00e9sei fel\u00e9, ahol megtanultam, \u00e9let\u00fcnk sor\u00e1n sz\u00e1mos vesztes\u00e9ggel tal\u00e1lkozhatunk \u2014 a csal\u00e1di vesztes\u00e9gekt\u0151l a kapcsolati csal\u00f3d\u00e1sokig.<\/span><br \/><span style=\"color: #ffffff;\">Certified Grief Educator vagyok, a vil\u00e1gszerte elismert David Kessler k\u00e9pz\u00e9si program v\u00e9gzett szakembere. Egy\u00e9ni online foglalkoz\u00e1sokon empatikus, \u00edt\u00e9lkez\u00e9smentes t\u00e1mogat\u00e1st ny\u00fajtok, hogy a hozz\u00e1m fordul\u00f3k biztons\u00e1gos t\u00e9rben dolgozhass\u00e1k fel vesztes\u00e9geiket, \u00e9s visszanyerj\u00e9k a bels\u0151 egyens\u00falyt.<\/span><br \/><span style=\"color: #ffffff;\">N\u00e1lam leteheted lelked terheit, meghallgatlak sz\u00edvvel-l\u00e9lekkel, \u00e9s eszk\u00f6z\u00f6ket adok a kezedbe, hogy a gy\u00e1sz \u00fatj\u00e1t saj\u00e1t temp\u00f3dban, t\u00e1mogatottan j\u00e1rhasd v\u00e9gig.<\/span><\/p>\n<p>[\/et_pb_text][\/et_pb_column][\/et_pb_row][\/et_pb_section][et_pb_section fb_built=&#8221;1&#8243; admin_label=&#8221;Approach&#8221; _builder_version=&#8221;4.16&#8243; background_color=&#8221;#f5f5f5&#8243; custom_padding=&#8221;54px|0px|54px|0px|false|false&#8221; global_colors_info=&#8221;{}&#8221;][et_pb_row _builder_version=&#8221;4.27.4&#8243; _module_preset=&#8221;default&#8221; global_colors_info=&#8221;{}&#8221;][et_pb_column type=&#8221;4_4&#8243; _builder_version=&#8221;4.27.4&#8243; _module_preset=&#8221;default&#8221; global_colors_info=&#8221;{}&#8221;][et_pb_heading title=&#8221;Tanulm\u00e1nyaim&#8221; _builder_version=&#8221;4.27.4&#8243; _module_preset=&#8221;default&#8221; custom_padding=&#8221;0px|||||&#8221; global_colors_info=&#8221;{}&#8221;][\/et_pb_heading][\/et_pb_column][\/et_pb_row][et_pb_row _builder_version=&#8221;4.27.4&#8243; _module_preset=&#8221;default&#8221; global_colors_info=&#8221;{}&#8221;][et_pb_column type=&#8221;4_4&#8243; _builder_version=&#8221;4.27.4&#8243; _module_preset=&#8221;default&#8221; global_colors_info=&#8221;{}&#8221;][et_pb_text _builder_version=&#8221;4.27.4&#8243; _module_preset=&#8221;default&#8221; global_colors_info=&#8221;{}&#8221;]<\/p>\n<p><strong>Tanulm\u00e1nyaim:<\/strong><\/p>\n<p><strong><\/strong><\/p>\n<p>2026 &#8211; Certified Grief Educator, David Kessler<\/p>\n<p>2025 &#8211; Napfogyatkoz\u00e1s Akad\u00e9mia: F\u00fcgg\u0151s\u00e9gek \u00e9s vesztes\u00e9gek, Napfogyatkoz\u00e1s Egyes\u00fclet<\/p>\n<p>2025 &#8211; A &#8222;Vend\u00e9gbab\u00e1k&#8221; csoportok saj\u00e1toss\u00e1gai szakmai m\u0171hely, Napfogyatkoz\u00e1s Egyes\u00fclet<strong><\/strong><\/p>\n<p>2025 &#8211; Kamasz gy\u00e1szfeldolgoz\u00f3 csoportok saj\u00e1toss\u00e1gai szakmai m\u0171hely, Napfogyatkoz\u00e1s Egyes\u00fclet<\/p>\n<p>2025 &#8211; Vesztes\u00e9gek \u00e9s f\u00fcgg\u0151s\u00e9gek szakmai m\u0171hely, Napfogyatkoz\u00e1s Egyes\u00fclet<\/p>\n<p>2025 &#8211; Puszt\u00e1ba ki\u00e1ltott sz\u00f3 \u2013 a gy\u00e1szol\u00f3 gyermek seg\u00edt\u00e9se, Gy\u00e1szfeldolgoz\u00e1s M\u00f3dszer\u00ae Magyarorsz\u00e1g<\/p>\n<p>2024 &#8211; gy\u00e1szcsoport vezet\u0151, Napfogyatkoz\u00e1s Egyes\u00fclet<\/p>\n<p>2024 &#8211; Hogyan vigasztaljuk meg a gyerekeket? &#8211; pedag\u00f3gus tov\u00e1bbk\u00e9pz\u00e9s, Napfogyatkoz\u00e1s Egyes\u00fclet<\/p>\n<p><span>2024 &#8211; A feldolgozatlan gy\u00e1sz hat\u00e1sa kapcsolatainkra, Gy\u00e1szfeldolgoz\u00e1s M\u00f3dszer\u00ae K\u00f6zpont<\/span><\/p>\n<p><span>2024 &#8211; A csal\u00e1dter\u00e1pia lehet\u0151s\u00e9gei a gy\u00e1szol\u00f3k seg\u00edt\u00e9s\u00e9ben, Gy\u00e1szfeldolgoz\u00e1s M\u00f3dszer\u00ae K\u00f6zpont<\/span><\/p>\n<p>2024 \u2013 n\u0151iess\u00e9g mentor, P\u00e1rkapcsolati Coaching \u00e9s Medi\u00e1ci\u00f3s Int\u00e9zet<\/p>\n<p>2024 &#8211; <span>A v\u00e1l\u00e1s gy\u00e1sza, Napfogyatkoz\u00e1s Akad\u00e9mia<\/span><\/p>\n<p><span>2024 &#8211; T\u00e1maszny\u00fajt\u00e1s pre- \u00e9s perinat\u00e1lis vesztes\u00e9g eset\u00e9n, Napfogyatkoz\u00e1s Egyes\u00fclet<\/span><\/p>\n<p>2022 &#8211; ment\u00e1lhigi\u00e9n\u00e9s szakember \u00e9s k\u00f6z\u00f6ss\u00e9gi seg\u00edt\u0151, P\u00e9csi Tudom\u00e1nyegyetem<\/p>\n<p>2020 \u2013 halad\u00f3 Gy\u00e1szfeldolgoz\u00e1s M\u00f3dszer\u00ae specialista, Gy\u00e1szfeldolgoz\u00e1s M\u00f3dszer\u00ae Magyar K\u00f6zpont<\/p>\n<p>2020 \u2013 csal\u00e1di- \u00e9s p\u00e1rkapcsolati medi\u00e1tor, Umathum Akad\u00e9mia<\/p>\n<p>2019 \u2013 p\u00e1rkapcsolati coach, h\u00e1zass\u00e1gi tan\u00e1csad\u00f3 \u2013 P\u00e1rkapcsolati Coaching \u00e9s Medi\u00e1ci\u00f3s Int\u00e9zet<\/p>\n<p>2015 \u2013 PREPARE\/ENRICH tan\u00e1csad\u00f3, Dr. Mihalec G\u00e1bor p\u00e1r \u2013 \u00e9s csal\u00e1dterapeuta<\/p>\n<p>2015 \u2013 min\u0151s\u00edtett csal\u00e1di \u00e9letre nevel\u0151, Adventista Teol\u00f3giai F\u0151iskola<\/p>\n<p>2004 \u2013 amerikanisztika szakos b\u00f6lcs\u00e9sz, ELTE -BTK<\/p>\n<p>1999 \u2013angol nyelvtan\u00e1r, Kodol\u00e1nyi J\u00e1nos Egyetem<\/p>\n<p>[\/et_pb_text][\/et_pb_column][\/et_pb_row][\/et_pb_section][et_pb_section fb_built=&#8221;1&#8243; admin_label=&#8221;Footer&#8221; _builder_version=&#8221;4.16&#8243; background_color=&#8221;#345168&#8243; use_background_color_gradient=&#8221;on&#8221; background_color_gradient_stops=&#8221;#345168 5%|rgba(219,219,219,0) 100%&#8221; background_color_gradient_overlays_image=&#8221;on&#8221; background_color_gradient_start=&#8221;#345168&#8243; background_color_gradient_start_position=&#8221;5%&#8221; background_color_gradient_end=&#8221;rgba(219,219,219,0)&#8221; background_image=&#8221;https:\/\/segito-tars.hu\/wp-content\/uploads\/2021\/03\/heart-3118930_1920.jpg&#8221; custom_padding=&#8221;5%||10%||false|false&#8221; bottom_divider_flip=&#8221;horizontal&#8221; locked=&#8221;off&#8221; global_colors_info=&#8221;{}&#8221;][\/et_pb_section]<\/p>\n","protected":false},"excerpt":{"rendered":"<p>R\u00f3lam &#8211; hogyan lettem gy\u00e1szfeldolgoz\u00e1s m\u00f3dszer specialista?A vesztes\u00e9gek \u00e9s az abb\u00f3l fakad\u00f3 stressz \u00e9let\u00fcnk megker\u00fclhetetlen r\u00e9szei, amelyek gyakran felbor\u00edtj\u00e1k testi-lelki egyens\u00falyunkat. Saj\u00e1t tapasztalataim sor\u00e1n megtanultam, milyen neh\u00e9z egyed\u00fcl megbirk\u00f3zni a csal\u00f3d\u00e1sokkal \u00e9s vesztes\u00e9gekkel, \u00e9s milyen nagy sz\u00fcks\u00e9g van az empatikus, val\u00f3di t\u00e1mogat\u00e1sra.Ez vez\u00e9relt a Gy\u00e1szfeldolgoz\u00e1s M\u00f3dszer\u00ae \u00e9s a Napfogyatkoz\u00e1s Egyes\u00fclet gy\u00e1szk\u00e9pz\u00e9sei fel\u00e9, ahol megtanultam, \u00e9let\u00fcnk [&hellip;]<\/p>\n","protected":false},"author":1,"featured_media":0,"parent":0,"menu_order":0,"comment_status":"closed","ping_status":"closed","template":"","meta":{"_et_pb_use_builder":"on","_et_pb_old_content":"<!-- wp:paragraph -->\n<p>Hogyan \u00e9s mi\u00e9rt lettem Gy\u00e1szfeldolgoz\u00e1s M\u00f3dszer\u00ae Specialista?<\/p>\n<!-- \/wp:paragraph -->","_et_gb_content_width":"","footnotes":""},"class_list":["post-613","page","type-page","status-publish","hentry"],"_links":{"self":[{"href":"https:\/\/segito-tars.hu\/en\/wp-json\/wp\/v2\/pages\/613","targetHints":{"allow":["GET"]}}],"collection":[{"href":"https:\/\/segito-tars.hu\/en\/wp-json\/wp\/v2\/pages"}],"about":[{"href":"https:\/\/segito-tars.hu\/en\/wp-json\/wp\/v2\/types\/page"}],"author":[{"embeddable":true,"href":"https:\/\/segito-tars.hu\/en\/wp-json\/wp\/v2\/users\/1"}],"replies":[{"embeddable":true,"href":"https:\/\/segito-tars.hu\/en\/wp-json\/wp\/v2\/comments?post=613"}],"version-history":[{"count":40,"href":"https:\/\/segito-tars.hu\/en\/wp-json\/wp\/v2\/pages\/613\/revisions"}],"predecessor-version":[{"id":1721,"href":"https:\/\/segito-tars.hu\/en\/wp-json\/wp\/v2\/pages\/613\/revisions\/1721"}],"wp:attachment":[{"href":"https:\/\/segito-tars.hu\/en\/wp-json\/wp\/v2\/media?parent=613"}],"curies":[{"name":"wp","href":"https:\/\/api.w.org\/{rel}","templated":true}]}}