{"id":104,"date":"2021-03-30T18:50:24","date_gmt":"2021-03-30T18:50:24","guid":{"rendered":"https:\/\/segito-tars.hu\/?page_id=104"},"modified":"2025-12-31T19:12:23","modified_gmt":"2025-12-31T19:12:23","slug":"kapcsolat_mayor_marta_gyaszfeldolgozas","status":"publish","type":"page","link":"https:\/\/segito-tars.hu\/en\/kapcsolat_mayor_marta_gyaszfeldolgozas\/","title":{"rendered":"Contact"},"content":{"rendered":"<p>[et_pb_section fb_built=&#8221;1&#8243; fullwidth=&#8221;on&#8221; _builder_version=&#8221;4.16&#8243; background_image=&#8221;https:\/\/segito-tars.hu\/wp-content\/uploads\/2021\/03\/marta_velvia_1920_600-1-scaled.jpg&#8221; parallax=&#8221;on&#8221; width_tablet=&#8221;&#8221; width_phone=&#8221;&#8221; width_last_edited=&#8221;on|phone&#8221; max_width_tablet=&#8221;&#8221; max_width_phone=&#8221;&#8221; max_width_last_edited=&#8221;on|phone&#8221; min_height_tablet=&#8221;&#8221; min_height_phone=&#8221;&#8221; min_height_last_edited=&#8221;on|phone&#8221; height_tablet=&#8221;&#8221; height_phone=&#8221;&#8221; height_last_edited=&#8221;on|phone&#8221; max_height_tablet=&#8221;&#8221; max_height_phone=&#8221;&#8221; max_height_last_edited=&#8221;on|phone&#8221; bottom_divider_style=&#8221;wave2&#8243; bottom_divider_color=&#8221;#465775&#8243; bottom_divider_height=&#8221;63px&#8221; bottom_divider_flip=&#8221;horizontal&#8221; animation_style=&#8221;slide&#8221; animation_direction=&#8221;top&#8221; animation_intensity_slide=&#8221;2%&#8221; background_last_edited=&#8221;on|phone&#8221; background_image_phone=&#8221;https:\/\/segito-tars.hu\/wp-content\/uploads\/2021\/03\/mayor_marta_velvia_2058_1657-1-scaled.jpg&#8221; background_enable_image_phone=&#8221;on&#8221; module_alignment_tablet=&#8221;&#8221; module_alignment_phone=&#8221;&#8221; module_alignment_last_edited=&#8221;on|phone&#8221; global_colors_info=&#8221;{}&#8221;][et_pb_fullwidth_header title=&#8221;Keress bizalommal az al\u00e1bbi el\u00e9rhet\u0151s\u00e9geken!&#8221; text_orientation=&#8221;center&#8221; background_overlay_color=&#8221;rgba(68,98,124,0.8)&#8221; disabled_on=&#8221;on|off|off&#8221; _builder_version=&#8221;4.16&#8243; _dynamic_attributes=&#8221;title&#8221; title_font=&#8221;Lato|700|||||||&#8221; title_font_size=&#8221;46px&#8221; title_line_height=&#8221;1.5em&#8221; content_font=&#8221;Lato||||||||&#8221; content_font_size=&#8221;20px&#8221; content_line_height=&#8221;1.8em&#8221; subhead_font=&#8221;Lato|700|||||||&#8221; subhead_font_size=&#8221;25px&#8221; subhead_line_height=&#8221;1.5em&#8221; background_color=&#8221;rgba(175,175,175,0.36)&#8221; background_image=&#8221;https:\/\/segito-tars.hu\/wp-content\/uploads\/2021\/04\/marti_1920x818-scaled.jpg&#8221; custom_margin=&#8221;|||&#8221; custom_padding=&#8221;5vw||150px||false&#8221; title_font_size_tablet=&#8221;36px&#8221; title_font_size_phone=&#8221;&#8221; title_font_size_last_edited=&#8221;on|phone&#8221; global_colors_info=&#8221;{}&#8221; button_one_text_size__hover_enabled=&#8221;off&#8221; button_two_text_size__hover_enabled=&#8221;off&#8221; button_one_text_color__hover_enabled=&#8221;off&#8221; button_two_text_color__hover_enabled=&#8221;off&#8221; button_one_border_width__hover_enabled=&#8221;off&#8221; button_two_border_width__hover_enabled=&#8221;off&#8221; button_one_border_color__hover_enabled=&#8221;off&#8221; button_two_border_color__hover_enabled=&#8221;off&#8221; button_one_border_radius__hover_enabled=&#8221;off&#8221; button_two_border_radius__hover_enabled=&#8221;off&#8221; button_one_letter_spacing__hover_enabled=&#8221;off&#8221; button_two_letter_spacing__hover_enabled=&#8221;off&#8221; button_one_bg_color__hover_enabled=&#8221;off&#8221; button_two_bg_color__hover_enabled=&#8221;off&#8221;][\/et_pb_fullwidth_header][\/et_pb_section][et_pb_section fb_built=&#8221;1&#8243; admin_label=&#8221;Contact Section&#8221; _builder_version=&#8221;4.16&#8243; custom_padding=&#8221;54px|0px|0|0px|false|false&#8221; bottom_divider_style=&#8221;wave2&#8243; bottom_divider_color=&#8221;#c8517a&#8221; bottom_divider_height=&#8221;69px&#8221; bottom_divider_flip=&#8221;horizontal&#8221; bottom_divider_arrangement=&#8221;above_content&#8221; global_colors_info=&#8221;{}&#8221;][et_pb_row _builder_version=&#8221;4.16&#8243; global_colors_info=&#8221;{}&#8221;][et_pb_column type=&#8221;4_4&#8243; _builder_version=&#8221;4.16&#8243; custom_padding=&#8221;|||&#8221; global_colors_info=&#8221;{}&#8221; custom_padding__hover=&#8221;|||&#8221;][et_pb_text admin_label=&#8221;Title&#8221; _builder_version=&#8221;4.27.4&#8243; text_font=&#8221;Lato||||||||&#8221; text_font_size=&#8221;18px&#8221; text_line_height=&#8221;1.8em&#8221; link_font=&#8221;||||||||&#8221; ul_font=&#8221;||||||||&#8221; ol_font=&#8221;||||||||&#8221; quote_font=&#8221;||||||||&#8221; header_font=&#8221;||||||||&#8221; header_2_font=&#8221;Lato|700|||||||&#8221; header_2_font_size=&#8221;40px&#8221; header_2_letter_spacing=&#8221;1px&#8221; header_2_line_height=&#8221;1.5em&#8221; header_3_font=&#8221;||||||||&#8221; header_4_font=&#8221;||||||||&#8221; header_5_font=&#8221;||||||||&#8221; header_6_font=&#8221;Lato|700|||||||&#8221; header_6_font_size=&#8221;18px&#8221; header_6_letter_spacing=&#8221;1px&#8221; header_6_line_height=&#8221;1.8em&#8221; background_enable_image=&#8221;off&#8221; background_size=&#8221;contain&#8221; background_blend=&#8221;darken&#8221; text_orientation=&#8221;center&#8221; custom_padding=&#8221;||0px|||&#8221; header_2_font_size_tablet=&#8221;&#8221; header_2_font_size_phone=&#8221;22px&#8221; header_2_font_size_last_edited=&#8221;on|phone&#8221; global_colors_info=&#8221;{}&#8221;]<\/p>\n<h2><span style=\"color: #808080;\"><strong>Mayor M\u00e1rta<\/strong><\/span><\/h2>\n<p>E-mail: <a href=\"mailto:mayormarta@segito-tars.hu\" title=\"Lev\u00e9l k\u00fcld\u00e9se\">mayormarta@segito-tars.hu<\/a><\/p>\n<p>Telefon: +36306643006<\/p>\n<p>Facebook: <a href=\"https:\/\/www.facebook.com\/mayormarta\" target=\"_blank\" rel=\"noopener\" title=\"Facebook\">fb.com\/mayormarta<\/a><\/p>\n<p><strong>Online<\/strong> foglalkoz\u00e1sokon vagy\u00a0 <a href=\"https:\/\/maps.app.goo.gl\/FaxZCiFq6H7yEJhS7\" target=\"_blank\" rel=\"noopener\"><strong>szem\u00e9lyesen Sz\u00e9kesfeh\u00e9rv\u00e1ron <\/strong><\/a>v\u00e1rlak vesztes\u00e9ged feldolgoz\u00e1s\u00e1ra egy\u00e9nileg vagy csoportban.<\/p>\n<p>[\/et_pb_text][\/et_pb_column][\/et_pb_row][et_pb_row _builder_version=&#8221;4.16&#8243; _module_preset=&#8221;default&#8221; global_colors_info=&#8221;{}&#8221;][et_pb_column type=&#8221;4_4&#8243; _builder_version=&#8221;4.16&#8243; _module_preset=&#8221;default&#8221; global_colors_info=&#8221;{}&#8221;][et_pb_image src=&#8221;https:\/\/segito-tars.hu\/wp-content\/uploads\/2021\/06\/191178440_329940991834178_8497037679090984702_n.jpg&#8221; title_text=&#8221;191178440_329940991834178_8497037679090984702_n&#8221; _builder_version=&#8221;4.16&#8243; _module_preset=&#8221;default&#8221; global_colors_info=&#8221;{}&#8221;][\/et_pb_image][\/et_pb_column][\/et_pb_row][\/et_pb_section]<\/p>\n","protected":false},"excerpt":{"rendered":"<p>Mayor M\u00e1rta E-mail: mayormarta@segito-tars.hu Telefon: +36306643006 Facebook: fb.com\/mayormarta Online foglalkoz\u00e1sokon vagy\u00a0 szem\u00e9lyesen Sz\u00e9kesfeh\u00e9rv\u00e1ron v\u00e1rlak vesztes\u00e9ged feldolgoz\u00e1s\u00e1ra egy\u00e9nileg vagy csoportban.<\/p>","protected":false},"author":1,"featured_media":0,"parent":0,"menu_order":0,"comment_status":"closed","ping_status":"closed","template":"","meta":{"_et_pb_use_builder":"on","_et_pb_old_content":"","_et_gb_content_width":"","footnotes":""},"class_list":["post-104","page","type-page","status-publish","hentry"],"_links":{"self":[{"href":"https:\/\/segito-tars.hu\/en\/wp-json\/wp\/v2\/pages\/104","targetHints":{"allow":["GET"]}}],"collection":[{"href":"https:\/\/segito-tars.hu\/en\/wp-json\/wp\/v2\/pages"}],"about":[{"href":"https:\/\/segito-tars.hu\/en\/wp-json\/wp\/v2\/types\/page"}],"author":[{"embeddable":true,"href":"https:\/\/segito-tars.hu\/en\/wp-json\/wp\/v2\/users\/1"}],"replies":[{"embeddable":true,"href":"https:\/\/segito-tars.hu\/en\/wp-json\/wp\/v2\/comments?post=104"}],"version-history":[{"count":33,"href":"https:\/\/segito-tars.hu\/en\/wp-json\/wp\/v2\/pages\/104\/revisions"}],"predecessor-version":[{"id":1683,"href":"https:\/\/segito-tars.hu\/en\/wp-json\/wp\/v2\/pages\/104\/revisions\/1683"}],"wp:attachment":[{"href":"https:\/\/segito-tars.hu\/en\/wp-json\/wp\/v2\/media?parent=104"}],"curies":[{"name":"wp","href":"https:\/\/api.w.org\/{rel}","templated":true}]}}